{"id":3,"date":"2024-08-15T02:54:15","date_gmt":"2024-08-15T02:54:15","guid":{"rendered":"https:\/\/mexicorowingclub.com\/?page_id=3"},"modified":"2025-05-15T19:33:16","modified_gmt":"2025-05-15T19:33:16","slug":"privacy-policy","status":"publish","type":"page","link":"https:\/\/mexicorowingclub.com\/?page_id=3","title":{"rendered":"Privacy Policy"},"content":{"rendered":"\n<h2 class=\"wp-block-heading\">Who we are<\/h2>\n\n\n\n<p><strong class=\"privacy-policy-tutorial\"> <\/strong>Our website address is: https:\/\/mexicorowingclub.com.<\/p>\n\n\n\n<p>Aviso de privacidad<br><br>En Mexico Rowing Club, respetamos su privacidad y estamos comprometidos con la protecci\u00f3n de sus datos personales. Los datos que recabamos, como nombre, datos de contacto e im\u00e1genes, se utilizar\u00e1n con medidas de seguridad y proporcionalidad adecuadas. Estos datos podr\u00e1n ser utilizados para fines informativos y comerciales propios y proporcionales con el uso. Regularmente, captamos datos a trav\u00e9s de la p\u00e1gina de internet, en el caso de menores de edad ser\u00e1 por conducto de los padres o tutores en el caso de menores.<br>Contacto<br>Para cualquier consulta o ejercicio de sus derechos, puede contactarnos a trav\u00e9s del correo electr\u00f3nico team@mexicorowingclub.com.<br>Este aviso de privacidad puede ser actualizado para reflejar cambios en nuestras pr\u00e1cticas de datos. Le recomendamos revisar peri\u00f3dicamente este documento para estar informado sobre c\u00f3mo protegemos sus datos personales.<\/p>\n\n\n\n<p>Privacy policy<br><br>At Mexico Rowing Club, we respect your privacy and are committed to protecting your personal data. The data we collect, such as names, contact information, and images, will be used with appropriate security measures and proportionality. This data may be used for informational and commercial purposes that are proportional to their use. We regularly collect data through the website. In the case of minors, data is collected through parents or guardians.<br>Contact<br>For any inquiries or exercising your rights, you can contact us via email at team@mexicorowingclub.com.<br>This privacy notice may be updated to reflect changes in our data practices. We recommend periodically reviewing this document to stay informed about how we protect your personal data.<\/p>\n","protected":false},"excerpt":{"rendered":"<p>Who we are Our website address is: https:\/\/mexicorowingclub.com. Aviso de privacidad En Mexico Rowing Club, respetamos su privacidad y estamos comprometidos con la protecci\u00f3n de sus datos personales. Los datos que recabamos, como nombre, datos de contacto e im\u00e1genes, se utilizar\u00e1n con medidas de seguridad y proporcionalidad adecuadas. Estos datos podr\u00e1n ser utilizados para fines [&hellip;]<\/p>\n","protected":false},"author":1,"featured_media":0,"parent":0,"menu_order":0,"comment_status":"closed","ping_status":"open","template":"","meta":{"footnotes":""},"class_list":["post-3","page","type-page","status-publish","hentry"],"_links":{"self":[{"href":"https:\/\/mexicorowingclub.com\/index.php?rest_route=\/wp\/v2\/pages\/3","targetHints":{"allow":["GET"]}}],"collection":[{"href":"https:\/\/mexicorowingclub.com\/index.php?rest_route=\/wp\/v2\/pages"}],"about":[{"href":"https:\/\/mexicorowingclub.com\/index.php?rest_route=\/wp\/v2\/types\/page"}],"author":[{"embeddable":true,"href":"https:\/\/mexicorowingclub.com\/index.php?rest_route=\/wp\/v2\/users\/1"}],"replies":[{"embeddable":true,"href":"https:\/\/mexicorowingclub.com\/index.php?rest_route=%2Fwp%2Fv2%2Fcomments&post=3"}],"version-history":[{"count":2,"href":"https:\/\/mexicorowingclub.com\/index.php?rest_route=\/wp\/v2\/pages\/3\/revisions"}],"predecessor-version":[{"id":339,"href":"https:\/\/mexicorowingclub.com\/index.php?rest_route=\/wp\/v2\/pages\/3\/revisions\/339"}],"wp:attachment":[{"href":"https:\/\/mexicorowingclub.com\/index.php?rest_route=%2Fwp%2Fv2%2Fmedia&parent=3"}],"curies":[{"name":"wp","href":"https:\/\/api.w.org\/{rel}","templated":true}]}}